{"id":10897,"date":"2023-03-27T13:10:07","date_gmt":"2023-03-27T10:10:07","guid":{"rendered":"https:\/\/kids.md\/?post_type=product&#038;p=10897"},"modified":"2023-04-20T13:32:23","modified_gmt":"2023-04-20T10:32:23","slug":"pismo-%e2%84%9616","status":"publish","type":"product","link":"https:\/\/kids.md\/ru\/pisma\/pismo-%e2%84%9616\/","title":{"rendered":"\u041f\u0438\u0441\u044c\u043c\u043e \u211616"},"content":{"rendered":"<p>\u041a\u0441\u0435\u043d\u0438\u044f, \u0445\u043e\u0447\u0435\u0442 \u0431\u043e\u043b\u044c\u0448\u043e\u0439 \u0431\u043b\u043e\u043a\u043d\u043e\u0442 \u0441 \u0435\u0434\u0438\u043d\u043e\u0440\u043e\u0433\u043e\u043c, \u0440\u0430\u0437\u043d\u043e\u0446\u0432\u0435\u0442\u043d\u044b\u0435 \u0440\u0443\u0447\u043a\u0438 \u0438 \u0441\u0443\u043c\u043a\u0443.<\/p>\n<p>\u0410\u0434\u0440\u0435\u0441:<\/p>\n<p>MD-5933<br \/>\nSatul M\u0103r\u0103ndeni, F\u0103le\u0219ti<\/p>\n","protected":false},"excerpt":{"rendered":"<p>\u041a\u0441\u0435\u043d\u0438\u044f, \u0445\u043e\u0447\u0435\u0442 \u0431\u043e\u043b\u044c\u0448\u043e\u0439 \u0431\u043b\u043e\u043a\u043d\u043e\u0442 \u0441 \u0435\u0434\u0438\u043d\u043e\u0440\u043e\u0433\u043e\u043c, \u0440\u0430\u0437\u043d\u043e\u0446\u0432\u0435\u0442\u043d\u044b\u0435 \u0440\u0443\u0447\u043a\u0438 \u0438 \u0441\u0443\u043c\u043a\u0443. \u0410\u0434\u0440\u0435\u0441: MD-5933 Satul M\u0103r\u0103ndeni, F\u0103le\u0219ti<\/p>\n","protected":false},"featured_media":10140,"comment_status":"closed","ping_status":"closed","template":"","meta":{"inline_featured_image":false},"product_cat":[15],"product_tag":[],"acf":[],"_links":{"self":[{"href":"https:\/\/kids.md\/ru\/wp-json\/wp\/v2\/product\/10897"}],"collection":[{"href":"https:\/\/kids.md\/ru\/wp-json\/wp\/v2\/product"}],"about":[{"href":"https:\/\/kids.md\/ru\/wp-json\/wp\/v2\/types\/product"}],"replies":[{"embeddable":true,"href":"https:\/\/kids.md\/ru\/wp-json\/wp\/v2\/comments?post=10897"}],"wp:featuredmedia":[{"embeddable":true,"href":"https:\/\/kids.md\/ru\/wp-json\/wp\/v2\/media\/10140"}],"wp:attachment":[{"href":"https:\/\/kids.md\/ru\/wp-json\/wp\/v2\/media?parent=10897"}],"wp:term":[{"taxonomy":"product_cat","embeddable":true,"href":"https:\/\/kids.md\/ru\/wp-json\/wp\/v2\/product_cat?post=10897"},{"taxonomy":"product_tag","embeddable":true,"href":"https:\/\/kids.md\/ru\/wp-json\/wp\/v2\/product_tag?post=10897"}],"curies":[{"name":"wp","href":"https:\/\/api.w.org\/{rel}","templated":true}]}}