{"id":10916,"date":"2023-03-27T13:10:07","date_gmt":"2023-03-27T10:10:07","guid":{"rendered":"https:\/\/kids.md\/scrisori\/letter-%e2%84%9616\/"},"modified":"2023-04-14T16:51:13","modified_gmt":"2023-04-14T13:51:13","slug":"letter-%e2%84%9616","status":"publish","type":"product","link":"https:\/\/kids.md\/en\/letters\/letter-%e2%84%9616\/","title":{"rendered":"Letter \u211616"},"content":{"rendered":"<p>Xenia, wants a large notebook with a unicorn, colorful pens and a bag.<\/p>\n<p>Address:<\/p>\n<p>MD-5933<br \/>\nSatul M\u0103r\u0103ndeni, F\u0103le\u0219ti<\/p>\n","protected":false},"excerpt":{"rendered":"<p>Xenia, wants a large notebook with a unicorn, colorful pens and a bag. Address: MD-5933 Satul M\u0103r\u0103ndeni, F\u0103le\u0219ti<\/p>\n","protected":false},"featured_media":10141,"comment_status":"closed","ping_status":"closed","template":"","meta":{"inline_featured_image":false},"product_cat":[233],"product_tag":[],"acf":[],"_links":{"self":[{"href":"https:\/\/kids.md\/en\/wp-json\/wp\/v2\/product\/10916"}],"collection":[{"href":"https:\/\/kids.md\/en\/wp-json\/wp\/v2\/product"}],"about":[{"href":"https:\/\/kids.md\/en\/wp-json\/wp\/v2\/types\/product"}],"replies":[{"embeddable":true,"href":"https:\/\/kids.md\/en\/wp-json\/wp\/v2\/comments?post=10916"}],"wp:featuredmedia":[{"embeddable":true,"href":"https:\/\/kids.md\/en\/wp-json\/wp\/v2\/media\/10141"}],"wp:attachment":[{"href":"https:\/\/kids.md\/en\/wp-json\/wp\/v2\/media?parent=10916"}],"wp:term":[{"taxonomy":"product_cat","embeddable":true,"href":"https:\/\/kids.md\/en\/wp-json\/wp\/v2\/product_cat?post=10916"},{"taxonomy":"product_tag","embeddable":true,"href":"https:\/\/kids.md\/en\/wp-json\/wp\/v2\/product_tag?post=10916"}],"curies":[{"name":"wp","href":"https:\/\/api.w.org\/{rel}","templated":true}]}}