{"id":8663,"date":"2020-08-22T00:38:08","date_gmt":"2020-08-21T21:38:08","guid":{"rendered":"https:\/\/kids.md\/?page_id=8663"},"modified":"2023-04-19T14:24:09","modified_gmt":"2023-04-19T11:24:09","slug":"about-us","status":"publish","type":"page","link":"https:\/\/kids.md\/en\/about-us\/","title":{"rendered":"About Us"},"content":{"rendered":"\t\t<div data-elementor-type=\"wp-page\" data-elementor-id=\"8663\" class=\"elementor elementor-8663 elementor-231\">\n\t\t\t\t\t\t\t\t\t<section class=\"elementor-section elementor-top-section elementor-element elementor-element-8830872 elementor-section-boxed elementor-section-height-default elementor-section-height-default\" data-id=\"8830872\" data-element_type=\"section\">\n\t\t\t\t\t\t<div class=\"elementor-container elementor-column-gap-default\">\n\t\t\t\t\t<div class=\"elementor-column elementor-col-100 elementor-top-column elementor-element elementor-element-39c79ab\" data-id=\"39c79ab\" data-element_type=\"column\">\n\t\t\t<div class=\"elementor-widget-wrap elementor-element-populated\">\n\t\t\t\t\t\t\t\t<div class=\"elementor-element elementor-element-fe5bfc9 aleft elementor-widget elementor-widget-wgl-tabs\" data-id=\"fe5bfc9\" data-element_type=\"widget\" data-widget_type=\"wgl-tabs.default\">\n\t\t\t\t<div class=\"elementor-widget-container\">\n\t\t\t        <div class=\"wgl-tabs    icon_position-top  \">\r\n\r\n            <div class=\"wgl-tabs_headings\">                <h4 data-tab-id=\"wgl-tab_2661\" class=\"wgl-tabs_header elementor-repeater-item-7f7eb48\">\r\n                    <span class=\"wgl-tabs_title\">Who we are<\/span>\r\n\r\n                    \r\n                <\/h4>\r\n\r\n\t\t\t                    <h4 data-tab-id=\"wgl-tab_2662\" class=\"wgl-tabs_header elementor-repeater-item-733f4c9\">\r\n                    <span class=\"wgl-tabs_title\">Our projects<\/span>\r\n\r\n                    \r\n                <\/h4>\r\n\r\n\t\t\t                    <h4 data-tab-id=\"wgl-tab_2663\" class=\"wgl-tabs_header elementor-repeater-item-0fb9160\">\r\n                    <span class=\"wgl-tabs_title\">Our goal<\/span>\r\n\r\n                    \r\n                <\/h4>\r\n\r\n\t\t\t                <\/div>\r\n\r\n            <div class=\"wgl-tabs_content-wrap\">                    <div data-tab-id=\"wgl-tab_2661\" class=\"wgl-tabs_content elementor-repeater-item-7f7eb48\">\r\n                        <p>The Children's Charity Foundation \"Clipa Sideral\u0103\" is an association of like-minded people, united in 1989 to work with orphans in boarding schools in Moldova. Thus were born the projects \"Caravana de Cr\u0103ciun\", \"Academia lui Mos Cr\u0103ciun\", Festival for children, Camp \"Sparta\", Addresses of Kindness. Thanks to their openness and social importance, hundreds of volunteers of all ages and specialties have joined the Foundation. This is the basis of large-scale projects of the organization.<\/p>                    <\/div>\r\n\r\n                                    <div data-tab-id=\"wgl-tab_2662\" class=\"wgl-tabs_content elementor-repeater-item-733f4c9\">\r\n                        <p>FCC \"Clipa Sideral\u0103\" is a non-governmental, non-profit organization, member of the National Youth Council of Moldova. Activity since 1989. Legally registered on 19.08.1996. The Foundation operates on the basis of certificates of registration by the Ministry of Justice of the RM from 06.03.2001 and public benefit activity from 01.07.2022, based on an agreement with the Ministry of Education of the RM from 05.04.2018.<\/p><p><strong>OBJECTIVES OF THE FOUNDATION:<\/strong><\/p><p>- support of children in crisis situations;<\/p><p>- formation of a healthy lifestyle.<\/p>                    <\/div>\r\n\r\n                                    <div data-tab-id=\"wgl-tab_2663\" class=\"wgl-tabs_content elementor-repeater-item-0fb9160\">\r\n                        <p><strong>We don't just collect donations, we bring people together.<\/strong><\/p><p>Thousands of letters from all over the country come in year-round. In them, children share their deepest dreams and ask for: a birthday cake or new shoes so they don't have to share some with their brother...in others they ask for help with development and education.<br \/>Addresses of Kindness is an online platform where anyone can become a good wizard, fulfill one child's cherished wish, where some can tell about their dream, and others can fulfill it to the best of their ability at any time of the year directly, without intermediaries.<\/p>                    <\/div>\r\n\r\n                            <\/div>\r\n\r\n        <\/div><!--wgl-tabs-->\r\n\t\t\t\t<\/div>\n\t\t\t\t<\/div>\n\t\t\t\t\t<\/div>\n\t\t<\/div>\n\t\t\t\t\t\t\t<\/div>\n\t\t<\/section>\n\t\t\t\t<section class=\"elementor-section elementor-top-section elementor-element elementor-element-ff41009 elementor-section-boxed elementor-section-height-default elementor-section-height-default\" data-id=\"ff41009\" data-element_type=\"section\" data-settings=\"{&quot;background_background&quot;:&quot;classic&quot;}\">\n\t\t\t\t\t\t<div class=\"elementor-container elementor-column-gap-default\">\n\t\t\t\t\t<div class=\"elementor-column elementor-col-100 elementor-top-column elementor-element elementor-element-14e4cf4\" data-id=\"14e4cf4\" data-element_type=\"column\">\n\t\t\t<div class=\"elementor-widget-wrap elementor-element-populated\">\n\t\t\t\t\t\t\t\t<div class=\"elementor-element elementor-element-f7f1503 elementor-widget elementor-widget-spacer\" data-id=\"f7f1503\" data-element_type=\"widget\" data-widget_type=\"spacer.default\">\n\t\t\t\t<div class=\"elementor-widget-container\">\n\t\t\t<style>\/*! elementor - v3.8.1 - 13-11-2022 *\/\n.elementor-column .elementor-spacer-inner{height:var(--spacer-size)}.e-con{--container-widget-width:100%}.e-con-inner>.elementor-widget-spacer,.e-con>.elementor-widget-spacer{width:var(--container-widget-width,var(--spacer-size));-ms-flex-item-align:stretch;align-self:stretch;-ms-flex-negative:0;flex-shrink:0}.e-con-inner>.elementor-widget-spacer>.elementor-widget-container,.e-con-inner>.elementor-widget-spacer>.elementor-widget-container>.elementor-spacer,.e-con>.elementor-widget-spacer>.elementor-widget-container,.e-con>.elementor-widget-spacer>.elementor-widget-container>.elementor-spacer{height:100%}.e-con-inner>.elementor-widget-spacer>.elementor-widget-container>.elementor-spacer>.elementor-spacer-inner,.e-con>.elementor-widget-spacer>.elementor-widget-container>.elementor-spacer>.elementor-spacer-inner{height:var(--container-widget-height,var(--spacer-size))}<\/style>\t\t<div class=\"elementor-spacer\">\n\t\t\t<div class=\"elementor-spacer-inner\"><\/div>\n\t\t<\/div>\n\t\t\t\t<\/div>\n\t\t\t\t<\/div>\n\t\t\t\t<div class=\"elementor-element elementor-element-2e56d59 acenter elementor-widget elementor-widget-wgl-double-headings\" data-id=\"2e56d59\" data-element_type=\"widget\" data-widget_type=\"wgl-double-headings.default\">\n\t\t\t\t<div class=\"elementor-widget-container\">\n\t\t\t        <div class=\"wgl-double_heading\">                <div class=\"dbl__subtitle\"><span>WE ARE OPEN FOR COMMUNICATION AND GOOD DEEDS!<\/span>                <\/div><h3 class=\"dbl__title-wrapper\"><span class=\"dbl__title dbl-title_1\">PROGRAMS:<\/span><\/h3>        <\/div>\t\t<\/div>\n\t\t\t\t<\/div>\n\t\t\t\t<div class=\"elementor-element elementor-element-c6aa7c3 elementor-widget elementor-widget-spacer\" data-id=\"c6aa7c3\" data-element_type=\"widget\" data-widget_type=\"spacer.default\">\n\t\t\t\t<div class=\"elementor-widget-container\">\n\t\t\t\t\t<div class=\"elementor-spacer\">\n\t\t\t<div class=\"elementor-spacer-inner\"><\/div>\n\t\t<\/div>\n\t\t\t\t<\/div>\n\t\t\t\t<\/div>\n\t\t\t\t<section class=\"elementor-section elementor-inner-section elementor-element elementor-element-b8f3c6a elementor-section-boxed elementor-section-height-default elementor-section-height-default\" data-id=\"b8f3c6a\" data-element_type=\"section\">\n\t\t\t\t\t\t<div class=\"elementor-container elementor-column-gap-default\">\n\t\t\t\t\t<div class=\"elementor-column elementor-col-33 elementor-inner-column elementor-element elementor-element-42c8d47\" data-id=\"42c8d47\" data-element_type=\"column\">\n\t\t\t<div class=\"elementor-widget-wrap elementor-element-populated\">\n\t\t\t\t\t\t\t\t<div class=\"elementor-element elementor-element-87d3caf acenter elementor-widget-image-box wgl-image-box elementor-widget elementor-widget-wgl-info-box\" data-id=\"87d3caf\" data-element_type=\"widget\" data-widget_type=\"wgl-info-box.default\">\n\t\t\t\t<div class=\"elementor-widget-container\">\n\t\t\t<div class=\"wgl-infobox\"><div class=\"wgl-infobox_wrapper wgl-layout-top\"><div class=\"media-wrapper img-wrapper\"><figure class=\"wgl-image-box_img\"><span ><img width=\"298\" height=\"162\" src=\"https:\/\/kids.md\/wp-content\/uploads\/2023\/01\/1.jpg\" class=\"attachment-full size-full\" alt=\"\" loading=\"lazy\" \/><\/span><\/figure><\/div><div class=\"content_wrapper\"><div class=\"wgl-infobox-title_wrapper\"><h3 class=\"wgl-infobox_title\"><span class=\"wgl-infobox_title-idle\">\u0441 1989\u0433.<\/span><\/h3><\/div><div class=\"wgl-infobox_content\"><p><strong><em>Children's Festival of Friendship, Creativity and Sports \"Clipa Siderala\"<\/em><\/strong> <em>with the participation of teenagers from Moldova and other countries.<\/em><\/p><p><strong>Goal:<\/strong> intercultural exchange for children from different countries. Every year.<\/p><\/div><\/div><\/div><\/div>\t\t<\/div>\n\t\t\t\t<\/div>\n\t\t\t\t\t<\/div>\n\t\t<\/div>\n\t\t\t\t<div class=\"elementor-column elementor-col-33 elementor-inner-column elementor-element elementor-element-cfc3ba1\" data-id=\"cfc3ba1\" data-element_type=\"column\">\n\t\t\t<div class=\"elementor-widget-wrap elementor-element-populated\">\n\t\t\t\t\t\t\t\t<div class=\"elementor-element elementor-element-beae75e acenter elementor-widget-image-box wgl-image-box elementor-widget elementor-widget-wgl-info-box\" data-id=\"beae75e\" data-element_type=\"widget\" data-widget_type=\"wgl-info-box.default\">\n\t\t\t\t<div class=\"elementor-widget-container\">\n\t\t\t<div class=\"wgl-infobox\"><div class=\"wgl-infobox_wrapper wgl-layout-top\"><div class=\"media-wrapper img-wrapper\"><figure class=\"wgl-image-box_img\"><span ><img width=\"210\" height=\"138\" src=\"https:\/\/kids.md\/wp-content\/uploads\/2023\/01\/2.png\" class=\"attachment-full size-full\" alt=\"\" loading=\"lazy\" \/><\/span><\/figure><\/div><div class=\"content_wrapper\"><div class=\"wgl-infobox-title_wrapper\"><h3 class=\"wgl-infobox_title\"><span class=\"wgl-infobox_title-idle\">\u0441 1996-1999, 2003:<\/span><\/h3><\/div><div class=\"wgl-infobox_content\"><p><strong><em>TV show <\/em><\/strong><em>for teenagers<\/em><em>\u00a0<strong>\u00ab\"Health Starts \"Clipa Siderala\"\u00bb<\/strong><\/em><strong><em>.<\/em><\/strong><\/p><p><strong>Goal:<\/strong> to form a healthy way of life for the younger generation.<\/p><p><strong>Partners: <\/strong>Ministry of Education of RM, National Olympic Committee.<\/p><p>Coca-Cola \u00ceMBUTELIERE CHI\u015eIN\u0102U S.R.L.<em>, <\/em>UNICEF Moldova.<\/p><\/div><\/div><\/div><\/div>\t\t<\/div>\n\t\t\t\t<\/div>\n\t\t\t\t\t<\/div>\n\t\t<\/div>\n\t\t\t\t<div class=\"elementor-column elementor-col-33 elementor-inner-column elementor-element elementor-element-2d2fc6b\" data-id=\"2d2fc6b\" data-element_type=\"column\">\n\t\t\t<div class=\"elementor-widget-wrap elementor-element-populated\">\n\t\t\t\t\t\t\t\t<div class=\"elementor-element elementor-element-0e12f53 acenter elementor-widget-image-box wgl-image-box elementor-widget elementor-widget-wgl-info-box\" data-id=\"0e12f53\" data-element_type=\"widget\" data-widget_type=\"wgl-info-box.default\">\n\t\t\t\t<div class=\"elementor-widget-container\">\n\t\t\t<div class=\"wgl-infobox\"><div class=\"wgl-infobox_wrapper wgl-layout-top\"><div class=\"media-wrapper img-wrapper\"><figure class=\"wgl-image-box_img\"><span ><img width=\"800\" height=\"298\" src=\"https:\/\/kids.md\/wp-content\/uploads\/2023\/01\/3.png\" class=\"attachment-full size-full\" alt=\"\" loading=\"lazy\" srcset=\"https:\/\/kids.md\/wp-content\/uploads\/2023\/01\/3.png 800w, https:\/\/kids.md\/wp-content\/uploads\/2023\/01\/3-300x112.png 300w, https:\/\/kids.md\/wp-content\/uploads\/2023\/01\/3-768x286.png 768w\" sizes=\"(max-width: 800px) 100vw, 800px\" \/><\/span><\/figure><\/div><div class=\"content_wrapper\"><div class=\"wgl-infobox-title_wrapper\"><h3 class=\"wgl-infobox_title\"><span class=\"wgl-infobox_title-idle\">\u0441 1997\u0433.<\/span><\/h3><\/div><div class=\"wgl-infobox_content\"><p><strong><em>Sparta<\/em><\/strong><strong><em>-<\/em><\/strong><strong><em>Charity<\/em><\/strong><strong><em>. <\/em><\/strong><em>Recreation for orphans and children from low-income families at \u00a0<\/em><\/p><p><em>\"Sparta\" Children's Health Camp is free of charge<\/em><em>.<strong> \u00a0<\/strong><\/em><strong><em><a href=\"http:\/\/www.sparta.md\/\">www.sparta.md<\/a><\/em><\/strong><strong><em>.<\/em><\/strong><\/p><\/div><\/div><\/div><\/div>\t\t<\/div>\n\t\t\t\t<\/div>\n\t\t\t\t\t<\/div>\n\t\t<\/div>\n\t\t\t\t\t\t\t<\/div>\n\t\t<\/section>\n\t\t\t\t<section class=\"elementor-section elementor-inner-section elementor-element elementor-element-9715c56 elementor-section-boxed elementor-section-height-default elementor-section-height-default\" data-id=\"9715c56\" data-element_type=\"section\">\n\t\t\t\t\t\t<div class=\"elementor-container elementor-column-gap-default\">\n\t\t\t\t\t<div class=\"elementor-column elementor-col-33 elementor-inner-column elementor-element elementor-element-7d5811c\" data-id=\"7d5811c\" data-element_type=\"column\">\n\t\t\t<div class=\"elementor-widget-wrap elementor-element-populated\">\n\t\t\t\t\t\t\t\t<div class=\"elementor-element elementor-element-32e30fb acenter elementor-widget-image-box wgl-image-box elementor-widget elementor-widget-wgl-info-box\" data-id=\"32e30fb\" data-element_type=\"widget\" data-widget_type=\"wgl-info-box.default\">\n\t\t\t\t<div class=\"elementor-widget-container\">\n\t\t\t<div class=\"wgl-infobox\"><div class=\"wgl-infobox_wrapper wgl-layout-top\"><div class=\"media-wrapper img-wrapper\"><figure class=\"wgl-image-box_img\"><span ><img width=\"227\" height=\"227\" src=\"https:\/\/kids.md\/wp-content\/uploads\/2023\/01\/4.jpg\" class=\"attachment-full size-full\" alt=\"\" loading=\"lazy\" srcset=\"https:\/\/kids.md\/wp-content\/uploads\/2023\/01\/4.jpg 227w, https:\/\/kids.md\/wp-content\/uploads\/2023\/01\/4-150x150.jpg 150w\" sizes=\"(max-width: 227px) 100vw, 227px\" \/><\/span><\/figure><\/div><div class=\"content_wrapper\"><div class=\"wgl-infobox-title_wrapper\"><h3 class=\"wgl-infobox_title\"><span class=\"wgl-infobox_title-idle\">\u0441 1998\u0433.<\/span><\/h3><\/div><div class=\"wgl-infobox_content\"><p><strong><em>\u00ab<\/em><\/strong><strong><em>Caravana de Cr\u0103ciun<\/em><\/strong><strong><em>\u00bb -<\/em><\/strong><em> annual charity event.<\/em><\/p><p><strong>Objectives: <\/strong>\u00a0- public involvement in the problems of orphans;<\/p><p>- involving school and high school students and organizations in the organization of New Year and Christmas mornings for orphans and underprivileged children in Moldovan villages.<\/p><\/div><\/div><\/div><\/div>\t\t<\/div>\n\t\t\t\t<\/div>\n\t\t\t\t\t<\/div>\n\t\t<\/div>\n\t\t\t\t<div class=\"elementor-column elementor-col-33 elementor-inner-column elementor-element elementor-element-f2fc717\" data-id=\"f2fc717\" data-element_type=\"column\">\n\t\t\t<div class=\"elementor-widget-wrap elementor-element-populated\">\n\t\t\t\t\t\t\t\t<div class=\"elementor-element elementor-element-ca8d481 acenter elementor-widget-image-box wgl-image-box elementor-widget elementor-widget-wgl-info-box\" data-id=\"ca8d481\" data-element_type=\"widget\" data-widget_type=\"wgl-info-box.default\">\n\t\t\t\t<div class=\"elementor-widget-container\">\n\t\t\t<div class=\"wgl-infobox\"><div class=\"wgl-infobox_wrapper wgl-layout-top\"><div class=\"media-wrapper img-wrapper\"><figure class=\"wgl-image-box_img\"><span ><img width=\"2094\" height=\"2024\" src=\"https:\/\/kids.md\/wp-content\/uploads\/2023\/01\/5.jpg\" class=\"attachment-full size-full\" alt=\"\" loading=\"lazy\" srcset=\"https:\/\/kids.md\/wp-content\/uploads\/2023\/01\/5.jpg 2094w, https:\/\/kids.md\/wp-content\/uploads\/2023\/01\/5-300x290.jpg 300w, https:\/\/kids.md\/wp-content\/uploads\/2023\/01\/5-1024x990.jpg 1024w, https:\/\/kids.md\/wp-content\/uploads\/2023\/01\/5-768x742.jpg 768w, https:\/\/kids.md\/wp-content\/uploads\/2023\/01\/5-1536x1485.jpg 1536w, https:\/\/kids.md\/wp-content\/uploads\/2023\/01\/5-2048x1980.jpg 2048w, https:\/\/kids.md\/wp-content\/uploads\/2023\/01\/5-1080x1044.jpg 1080w\" sizes=\"(max-width: 2094px) 100vw, 2094px\" \/><\/span><\/figure><\/div><div class=\"content_wrapper\"><div class=\"wgl-infobox-title_wrapper\"><h3 class=\"wgl-infobox_title\"><span class=\"wgl-infobox_title-idle\">\u0441 2001 \u0433.<\/span><\/h3><\/div><div class=\"wgl-infobox_content\"><p><strong><em>Santa's Academy.<\/em><\/strong><\/p><p><strong>Objective:<\/strong> - popularization of the national New Year's character.<\/p><p>Within the Academy there is a service \"Po\u015fta lui Mo\u015f Cr\u0103ciun\". Every child can write to Mo\u015f Cr\u0103ciun (Santa Claus) and receive a colorful letter of greeting in response.<\/p><\/div><\/div><\/div><\/div>\t\t<\/div>\n\t\t\t\t<\/div>\n\t\t\t\t\t<\/div>\n\t\t<\/div>\n\t\t\t\t<div class=\"elementor-column elementor-col-33 elementor-inner-column elementor-element elementor-element-a7520b3\" data-id=\"a7520b3\" data-element_type=\"column\">\n\t\t\t<div class=\"elementor-widget-wrap elementor-element-populated\">\n\t\t\t\t\t\t\t\t<div class=\"elementor-element elementor-element-d220b77 acenter elementor-widget-image-box wgl-image-box elementor-widget elementor-widget-wgl-info-box\" data-id=\"d220b77\" data-element_type=\"widget\" data-widget_type=\"wgl-info-box.default\">\n\t\t\t\t<div class=\"elementor-widget-container\">\n\t\t\t<div class=\"wgl-infobox\"><div class=\"wgl-infobox_wrapper wgl-layout-top\"><div class=\"media-wrapper img-wrapper\"><figure class=\"wgl-image-box_img\"><span ><img width=\"210\" height=\"138\" src=\"https:\/\/kids.md\/wp-content\/uploads\/2023\/01\/6.png\" class=\"attachment-full size-full\" alt=\"\" loading=\"lazy\" \/><\/span><\/figure><\/div><div class=\"content_wrapper\"><div class=\"wgl-infobox-title_wrapper\"><h3 class=\"wgl-infobox_title\"><span class=\"wgl-infobox_title-idle\">\u0421 2002 \u0433.<\/span><\/h3><\/div><div class=\"wgl-infobox_content\"><p><strong><em>\u00a0Addresses of Kindness<\/em><\/strong><\/p><p><strong>Goal:<\/strong> The Clearinghouse serves as a liaison between boarding schools, families in need, and organizations (private individuals) who can help and support them.<\/p><\/div><\/div><\/div><\/div>\t\t<\/div>\n\t\t\t\t<\/div>\n\t\t\t\t\t<\/div>\n\t\t<\/div>\n\t\t\t\t\t\t\t<\/div>\n\t\t<\/section>\n\t\t\t\t\t<\/div>\n\t\t<\/div>\n\t\t\t\t\t\t\t<\/div>\n\t\t<\/section>\n\t\t\t\t\t\t\t<\/div>\n\t\t","protected":false},"excerpt":{"rendered":"<p>Who we are Our projects Our goal The Children&#8217;s Charity Foundation &#8220;Clipa Sideral\u0103&#8221; is an association of like-minded people, united in 1989 to work with orphans in boarding schools in Moldova. Thus were born the projects &#8220;Caravana de Cr\u0103ciun&#8221;, &#8220;Academia lui Mos Cr\u0103ciun&#8221;, Festival for children, Camp &#8220;Sparta&#8221;, Addresses of Kindness. Thanks to their openness [&hellip;]<\/p>\n","protected":false},"author":1,"featured_media":0,"parent":0,"menu_order":0,"comment_status":"closed","ping_status":"closed","template":"","meta":{"inline_featured_image":false},"acf":[],"_links":{"self":[{"href":"https:\/\/kids.md\/en\/wp-json\/wp\/v2\/pages\/8663"}],"collection":[{"href":"https:\/\/kids.md\/en\/wp-json\/wp\/v2\/pages"}],"about":[{"href":"https:\/\/kids.md\/en\/wp-json\/wp\/v2\/types\/page"}],"author":[{"embeddable":true,"href":"https:\/\/kids.md\/en\/wp-json\/wp\/v2\/users\/1"}],"replies":[{"embeddable":true,"href":"https:\/\/kids.md\/en\/wp-json\/wp\/v2\/comments?post=8663"}],"version-history":[{"count":0,"href":"https:\/\/kids.md\/en\/wp-json\/wp\/v2\/pages\/8663\/revisions"}],"wp:attachment":[{"href":"https:\/\/kids.md\/en\/wp-json\/wp\/v2\/media?parent=8663"}],"curies":[{"name":"wp","href":"https:\/\/api.w.org\/{rel}","templated":true}]}}